{"id":90,"date":"2020-09-06T12:48:22","date_gmt":"2020-09-06T15:48:22","guid":{"rendered":"https:\/\/demo.keonthemes.com\/gutener\/demo12\/?page_id=47"},"modified":"2025-03-14T15:35:22","modified_gmt":"2025-03-14T18:35:22","slug":"acessoainformacao","status":"publish","type":"page","link":"https:\/\/curadosparacurar.sivector.com.br\/","title":{"rendered":"Acesso \u00e0 Informa\u00e7\u00e3o"},"content":{"rendered":"\n<section id=\"gm07e4dce\" class=\"wp-block-gutentor-m3 section-gm07e4dce gutentor-module gutentor-container-cover gutentor-bshape-fv\"><div class=\"grid-container\">\n<div id=\"section-g4ae972\" class=\"wp-block-gutentor-e6 section-g4ae972 gutentor-element gutentor-element-image\"><div class=\"gutentor-element-image-box\"><div class=\"gutentor-image-thumb\"><img decoding=\"async\" class=\"normal-image\" src=\"https:\/\/curadosparacurar.sivector.com.br\/wp-content\/uploads\/2022\/08\/lg_ai_os-300x58.jpg\" \/><\/div><\/div><\/div>\n\n\n\n<div id=\"section-g80183d\" class=\"wp-block-gutentor-e0 section-g80183d gutentor-element gutentor-element-advanced-text text-align-justify-desktop text-align-center-tablet text-align-center-mobile\"><div class=\"gutentor-text-wrap\"><p class=\"gutentor-text\">Esta se\u00e7\u00e3o permite ao cidad\u00e3o acessar as informa\u00e7\u00f5es produzidas e\/ou custodiadas pelo Instituto Curados para Curar, garantindo o direito constitucional de acesso \u00e0 informa\u00e7\u00e3o, regulamentado pela Lei Federal n\u00ba 12.527\/2011 e, em \u00e2mbito estadual, pela Lei n\u00ba 18.025\/2013.<\/p><\/div><\/div>\n\n\n\n<section id=\"gm3aa1db5\" class=\"wp-block-gutentor-m4 section-gm3aa1db5 gutentor-module gutentor-advanced-columns\"><div class=\"grid-container gutentor-rm-ct-space\"><div class=\"grid-row\">\n<div id=\"col-gmd3d404\" class=\"wp-block-gutentor-m4-col col-gmd3d404 gutentor-single-column  grid-lg-4 grid-md-12 grid-12\"><div id=\"section-gmd3d404\" class=\"section-gmd3d404 gutentor-col-wrap\">\n<section id=\"gmbd748eb\" class=\"wp-block-gutentor-m3 section-gmbd748eb gutentor-module gutentor-container-cover has-color-bg has-custom-bg\"><div class=\"grid-container gutentor-rm-ct-space\">\n<div id=\"section-g095fd3\" class=\"wp-block-gutentor-e1 section-g095fd3 gutentor-element gutentor-element-advanced-text text-align-center-desktop text-align-left-tablet text-align-left-mobile\"><div class=\"gutentor-text-wrap\"><h3 class=\"gutentor-text\">Institucional<\/h3><\/div><\/div>\n\n\n\n<div id=\"section-ged3714\" class=\"wp-block-gutentor-e0 section-ged3714 gutentor-element gutentor-element-advanced-text text-align-left-desktop text-align-left-tablet text-align-left-mobile\"><div class=\"gutentor-text-wrap\"><p class=\"gutentor-text\">\u2022 <a href=\"\/estatuto\">Estatuto<\/a><br>\u2022 <a href=\"\/relatoriosdeatividades\">Relat\u00f3rios de atividades<\/a><br>\u2022 <a href=\"\/prestacaodecontas\">Presta\u00e7\u00e3o de contas (Balan\u00e7os e Balancetes)<\/a><\/p><\/div><\/div>\n<\/div><\/section>\n<\/div><\/div>\n\n\n\n<div id=\"col-gm6d4541\" class=\"wp-block-gutentor-m4-col col-gm6d4541 gutentor-single-column  grid-lg-4 grid-md-12 grid-12\"><div id=\"section-gm6d4541\" class=\"section-gm6d4541 gutentor-col-wrap\">\n<section id=\"gm2fe26d3\" class=\"wp-block-gutentor-m3 section-gm2fe26d3 gutentor-module gutentor-container-cover has-color-bg has-custom-bg\"><div class=\"grid-container gutentor-rm-ct-space\">\n<div id=\"section-g45ead0\" class=\"wp-block-gutentor-e1 section-g45ead0 gutentor-element gutentor-element-advanced-text text-align-center-desktop text-align-left-tablet text-align-left-mobile\"><div class=\"gutentor-text-wrap\"><h3 class=\"gutentor-text\">Emenda 503<\/h3><\/div><\/div>\n\n\n\n<div id=\"section-g963e79\" class=\"wp-block-gutentor-e0 section-g963e79 gutentor-element gutentor-element-advanced-text text-align-left-desktop text-align-left-tablet text-align-left-mobile\"><div class=\"gutentor-text-wrap\"><p class=\"gutentor-text\">\u2022 <a href=\"https:\/\/www.hejago.org.br\/wp-content\/uploads\/2022\/01\/3.1.1-Requerimento-para-obtencao-do-titulo-de-OS-nv.pdf\"><\/a><a href=\"\/termosecontratos503\">Termos e Contratos<\/a><br>\u2022 <a href=\"\/relatoriodeatividades503\">Relat\u00f3rio de atividades<\/a><br>\u2022 <a href=\"\/prestacaodecontas503\">Presta\u00e7\u00e3o de Contas<\/a><\/p><\/div><\/div>\n<\/div><\/section>\n<\/div><\/div>\n\n\n\n<div id=\"col-gm577326\" class=\"wp-block-gutentor-m4-col col-gm577326 gutentor-single-column  grid-lg-4 grid-md-12 grid-12\"><div id=\"section-gm577326\" class=\"section-gm577326 gutentor-col-wrap\">\n<section id=\"gm7fec31e\" class=\"wp-block-gutentor-m3 section-gm7fec31e gutentor-module gutentor-container-cover has-color-bg has-custom-bg\"><div class=\"grid-container gutentor-rm-ct-space\">\n<div id=\"section-g303dd7\" class=\"wp-block-gutentor-e1 section-g303dd7 gutentor-element gutentor-element-advanced-text text-align-center-desktop text-align-left-tablet text-align-left-mobile\"><div class=\"gutentor-text-wrap\"><h3 class=\"gutentor-text\">Emenda XXX<\/h3><\/div><\/div>\n\n\n\n<div id=\"section-g957e99\" class=\"wp-block-gutentor-e0 section-g957e99 gutentor-element gutentor-element-advanced-text text-align-left-desktop text-align-left-tablet text-align-left-mobile\"><div class=\"gutentor-text-wrap\"><p class=\"gutentor-text\">\u2022 <a href=\"https:\/\/www.hejago.org.br\/wp-content\/uploads\/2022\/01\/3.1.1-Requerimento-para-obtencao-do-titulo-de-OS-nv.pdf\"><\/a><a href=\"\/termosecontratos503\">Termos e Contratos<\/a><br>\u2022 <a href=\"\/relatoriodeatividades503\">Relat\u00f3rio de atividades<\/a><br>\u2022 <a href=\"\/prestacaodecontas503\">Presta\u00e7\u00e3o de Contas<\/a><\/p><\/div><\/div>\n<\/div><\/section>\n<\/div><\/div>\n<\/div><\/div><\/section>\n\n\n\n<section id=\"gmdb9a978\" class=\"wp-block-gutentor-m4 section-gmdb9a978 gutentor-module gutentor-advanced-columns\"><div class=\"grid-container gutentor-rm-ct-space\"><div class=\"grid-row\">\n<div id=\"col-gm7a5cb4\" class=\"wp-block-gutentor-m4-col col-gm7a5cb4 gutentor-single-column  grid-lg-4 grid-md-12 grid-12\"><div id=\"section-gm7a5cb4\" class=\"section-gm7a5cb4 gutentor-col-wrap\">\n<section id=\"gm2ce936d\" class=\"wp-block-gutentor-m3 section-gm2ce936d gutentor-module gutentor-container-cover has-color-bg has-custom-bg\"><div class=\"grid-container gutentor-rm-ct-space\">\n<div id=\"section-g733f46\" class=\"wp-block-gutentor-e1 section-g733f46 gutentor-element gutentor-element-advanced-text text-align-center-desktop text-align-left-tablet text-align-left-mobile\"><div class=\"gutentor-text-wrap\"><h3 class=\"gutentor-text\">Emenda YYY<\/h3><\/div><\/div>\n\n\n\n<div id=\"section-gec8b4b\" class=\"wp-block-gutentor-e0 section-gec8b4b gutentor-element gutentor-element-advanced-text text-align-left-desktop text-align-left-tablet text-align-left-mobile\"><div class=\"gutentor-text-wrap\"><p class=\"gutentor-text\">\u2022 <a href=\"https:\/\/www.hejago.org.br\/wp-content\/uploads\/2022\/01\/3.1.1-Requerimento-para-obtencao-do-titulo-de-OS-nv.pdf\"><\/a><a href=\"\/termosecontratos503\">Termos e Contratos<\/a><br>\u2022 <a href=\"\/relatoriodeatividades503\">Relat\u00f3rio de atividades<\/a><br>\u2022 <a href=\"\/prestacaodecontas503\">Presta\u00e7\u00e3o de Contas<\/a><\/p><\/div><\/div>\n<\/div><\/section>\n<\/div><\/div>\n\n\n\n<div id=\"col-gm312678\" class=\"wp-block-gutentor-m4-col col-gm312678 gutentor-single-column  grid-lg-4 grid-md-12 grid-12\"><div id=\"section-gm312678\" class=\"section-gm312678 gutentor-col-wrap\">\n<section id=\"gmc558988\" class=\"wp-block-gutentor-m3 section-gmc558988 gutentor-module gutentor-container-cover has-color-bg has-custom-bg\"><div class=\"grid-container gutentor-rm-ct-space\">\n<div id=\"section-g39a338\" class=\"wp-block-gutentor-e1 section-g39a338 gutentor-element gutentor-element-advanced-text text-align-center-desktop text-align-left-tablet text-align-left-mobile\"><div class=\"gutentor-text-wrap\"><h3 class=\"gutentor-text\">Emenda ZZZ<\/h3><\/div><\/div>\n\n\n\n<div id=\"section-g924a40\" class=\"wp-block-gutentor-e0 section-g924a40 gutentor-element gutentor-element-advanced-text text-align-left-desktop text-align-left-tablet text-align-left-mobile\"><div class=\"gutentor-text-wrap\"><p class=\"gutentor-text\">\u2022 <a href=\"https:\/\/www.hejago.org.br\/wp-content\/uploads\/2022\/01\/3.1.1-Requerimento-para-obtencao-do-titulo-de-OS-nv.pdf\"><\/a><a href=\"\/termosecontratos503\">Termos e Contratos<\/a><br>\u2022 <a href=\"\/relatoriodeatividades503\">Relat\u00f3rio de atividades<\/a><br>\u2022 <a href=\"\/prestacaodecontas503\">Presta\u00e7\u00e3o de Contas<\/a><\/p><\/div><\/div>\n<\/div><\/section>\n<\/div><\/div>\n\n\n\n<div id=\"col-gm8a9d30\" class=\"wp-block-gutentor-m4-col col-gm8a9d30 gutentor-single-column  grid-lg-4 grid-md-12 grid-12\"><div id=\"section-gm8a9d30\" class=\"section-gm8a9d30 gutentor-col-wrap\"><\/div><\/div>\n<\/div><\/div><\/section>\n<\/div><\/section>\n","protected":false},"excerpt":{"rendered":"","protected":false},"author":2,"featured_media":0,"parent":0,"menu_order":0,"comment_status":"closed","ping_status":"closed","template":"template-gutentor-full-width.php","meta":{"footnotes":""},"class_list":["post-90","page","type-page","status-publish","hentry"],"_links":{"self":[{"href":"https:\/\/curadosparacurar.sivector.com.br\/index.php?rest_route=\/wp\/v2\/pages\/90","targetHints":{"allow":["GET"]}}],"collection":[{"href":"https:\/\/curadosparacurar.sivector.com.br\/index.php?rest_route=\/wp\/v2\/pages"}],"about":[{"href":"https:\/\/curadosparacurar.sivector.com.br\/index.php?rest_route=\/wp\/v2\/types\/page"}],"author":[{"embeddable":true,"href":"https:\/\/curadosparacurar.sivector.com.br\/index.php?rest_route=\/wp\/v2\/users\/2"}],"replies":[{"embeddable":true,"href":"https:\/\/curadosparacurar.sivector.com.br\/index.php?rest_route=%2Fwp%2Fv2%2Fcomments&post=90"}],"version-history":[{"count":72,"href":"https:\/\/curadosparacurar.sivector.com.br\/index.php?rest_route=\/wp\/v2\/pages\/90\/revisions"}],"predecessor-version":[{"id":1071,"href":"https:\/\/curadosparacurar.sivector.com.br\/index.php?rest_route=\/wp\/v2\/pages\/90\/revisions\/1071"}],"wp:attachment":[{"href":"https:\/\/curadosparacurar.sivector.com.br\/index.php?rest_route=%2Fwp%2Fv2%2Fmedia&parent=90"}],"curies":[{"name":"wp","href":"https:\/\/api.w.org\/{rel}","templated":true}]}}